{"id":1670,"date":"2020-07-04T18:35:42","date_gmt":"2020-07-04T16:35:42","guid":{"rendered":"https:\/\/pantheatre.com\/-\/?page_id=1670"},"modified":"2022-06-02T17:25:34","modified_gmt":"2022-06-02T15:25:34","slug":"f-programme-prof","status":"publish","type":"page","link":"https:\/\/pantheatre.com\/-\/f-programme-prof\/","title":{"rendered":"f-programme-prof"},"content":{"rendered":"\t\t<div data-elementor-type=\"wp-page\" data-elementor-id=\"1670\" class=\"elementor elementor-1670\">\n\t\t\t\t\t\t<div class=\"elementor-inner\">\n\t\t\t\t<div class=\"elementor-section-wrap\">\n\t\t\t\t\t\t\t\t\t<section class=\"elementor-section elementor-top-section elementor-element elementor-element-19b42012 elementor-section-height-min-height elementor-section-content-middle elementor-section-boxed elementor-section-height-default elementor-section-items-middle\" data-id=\"19b42012\" data-element_type=\"section\" data-settings=\"{&quot;background_background&quot;:&quot;classic&quot;}\">\n\t\t\t\t\t\t\t<div class=\"elementor-background-overlay\"><\/div>\n\t\t\t\t\t\t\t<div class=\"elementor-container elementor-column-gap-no\">\n\t\t\t\t\t\t\t<div class=\"elementor-row\">\n\t\t\t\t\t<div class=\"aux-parallax-section elementor-column elementor-col-100 elementor-top-column elementor-element elementor-element-3eb03d80\" data-id=\"3eb03d80\" data-element_type=\"column\">\n\t\t\t<div class=\"elementor-column-wrap\">\n\t\t\t\t\t\t\t<div class=\"elementor-widget-wrap\">\n\t\t\t\t\t\t\t\t<\/div>\n\t\t\t\t\t<\/div>\n\t\t<\/div>\n\t\t\t\t\t\t\t\t<\/div>\n\t\t\t\t\t<\/div>\n\t\t<\/section>\n\t\t\t\t<section class=\"elementor-section elementor-top-section elementor-element elementor-element-312f5f41 elementor-section-height-min-height elementor-section-stretched elementor-section-boxed elementor-section-height-default elementor-section-items-middle\" data-id=\"312f5f41\" data-element_type=\"section\" data-settings=\"{&quot;background_background&quot;:&quot;classic&quot;,&quot;stretch_section&quot;:&quot;section-stretched&quot;}\">\n\t\t\t\t\t\t<div class=\"elementor-container elementor-column-gap-default\">\n\t\t\t\t\t\t\t<div class=\"elementor-row\">\n\t\t\t\t\t<div class=\"aux-parallax-section elementor-column elementor-col-100 elementor-top-column elementor-element elementor-element-7aaf048e\" data-id=\"7aaf048e\" data-element_type=\"column\">\n\t\t\t<div class=\"elementor-column-wrap elementor-element-populated\">\n\t\t\t\t\t\t\t<div class=\"elementor-widget-wrap\">\n\t\t\t\t\t\t<div class=\"elementor-element elementor-element-65272e08 elementor-widget elementor-widget-heading\" data-id=\"65272e08\" data-element_type=\"widget\" data-widget_type=\"heading.default\">\n\t\t\t\t<div class=\"elementor-widget-container\">\n\t\t\t<h2 class=\"elementor-heading-title elementor-size-default\">Programme Prof - Page en cours de r\u00e9alisation<\/h2>\t\t<\/div>\n\t\t\t\t<\/div>\n\t\t\t\t<section class=\"elementor-section elementor-inner-section elementor-element elementor-element-5c844a22 elementor-section-boxed elementor-section-height-default elementor-section-height-default\" data-id=\"5c844a22\" data-element_type=\"section\" data-settings=\"{&quot;background_background&quot;:&quot;classic&quot;}\">\n\t\t\t\t\t\t\t<div class=\"elementor-background-overlay\"><\/div>\n\t\t\t\t\t\t\t<div class=\"elementor-container elementor-column-gap-default\">\n\t\t\t\t\t\t\t<div class=\"elementor-row\">\n\t\t\t\t\t<div class=\"aux-parallax-section elementor-column elementor-col-50 elementor-inner-column elementor-element elementor-element-7b229ff4\" data-id=\"7b229ff4\" data-element_type=\"column\">\n\t\t\t<div class=\"elementor-column-wrap\">\n\t\t\t\t\t\t\t<div class=\"elementor-widget-wrap\">\n\t\t\t\t\t\t\t\t<\/div>\n\t\t\t\t\t<\/div>\n\t\t<\/div>\n\t\t\t\t<div class=\"aux-parallax-section elementor-column elementor-col-50 elementor-inner-column elementor-element elementor-element-407c9a6c\" data-id=\"407c9a6c\" data-element_type=\"column\" data-settings=\"{&quot;background_background&quot;:&quot;classic&quot;}\">\n\t\t\t<div class=\"elementor-column-wrap elementor-element-populated\">\n\t\t\t\t\t\t\t<div class=\"elementor-widget-wrap\">\n\t\t\t\t\t\t<div class=\"elementor-element elementor-element-6590aaaa elementor-widget elementor-widget-text-editor\" data-id=\"6590aaaa\" data-element_type=\"widget\" data-widget_type=\"text-editor.default\">\n\t\t\t\t<div class=\"elementor-widget-container\">\n\t\t\t\t\t\t\t\t<div class=\"elementor-text-editor elementor-clearfix\">\n\t\t\t\t<h4>\u00a0<\/h4><h4>La formation professionnelle Panth\u00e9\u00e2tre (et les certifications Panth\u00e9\u00e2tre et Roy Hart) incluent quatre formes de master classes, pr\u00e9sentielles et <i>ONLINE<\/i>,<\/h4><ul><li style=\"list-style-type: none;\"><ul><li><h4>Master Classes <strong><em>L&rsquo;Art de l&rsquo;Interpr\u00e9tation<\/em><\/strong> par Linda Wise, chansons avec Pierre-Fran\u00e7ois Blanchard au piano.<br \/><a href=\"http:\/\/www.pantheatre.com\/2-formation-professionnelle-certification-fr\">INFORMATION<\/a><\/h4><\/li><li><h4>Master Classes de <strong><em>Performance Vocale<\/em><\/strong> avec les registres \u00e9tendus de la voix.<br \/><a href=\"http:\/\/www.pantheatre.com\/pdf\/ep-cours.pdf\">INFORMATION<\/a><\/h4><\/li><li><h4>Master Classes <strong><em>Laboratoire de Th\u00e9\u00e2tre Chor\u00e9graphique<\/em><\/strong>, dirig\u00e9es par Enrique Pardo.<br \/><a href=\"http:\/\/www.pantheatre.com\/4-laboratoire&amp;seminaires.html\">INFORMATION<\/a><\/h4><\/li><li><h4>Master Classes <em><strong>P\u00e9dagogiques<\/strong><\/em> d&rsquo;enseignement de la voix, notamment de l&rsquo;h\u00e9ritage Roy Hart.<br \/><a href=\"http:\/\/www.pantheatre.com\/2-formation-professionnelle-certification-fr.html\">INFORMATION<\/a><\/h4><\/li><\/ul><\/li><\/ul><ul><li>VOIR une vue d&rsquo;ensemble de la <a href=\"http:\/\/www.pantheatre.com\/2-formation-professionnelle-certification-fr.html\">FORMATION PROFESSIONNELLE<\/a><\/li><li><p>Le programme sera d\u00e9fini courant juillet 2020 et annonc\u00e9 par Newsletter\u00a0 (s&rsquo;inscire en bas de page) et <a href=\"https:\/\/www.facebook.com\/pantheatreofficial\/\">Facebook<\/a><\/p><\/li><\/ul>\t\t\t\t\t<\/div>\n\t\t\t\t\t\t<\/div>\n\t\t\t\t<\/div>\n\t\t\t\t\t\t<\/div>\n\t\t\t\t\t<\/div>\n\t\t<\/div>\n\t\t\t\t\t\t\t\t<\/div>\n\t\t\t\t\t<\/div>\n\t\t<\/section>\n\t\t\t\t\t\t<\/div>\n\t\t\t\t\t<\/div>\n\t\t<\/div>\n\t\t\t\t\t\t\t\t<\/div>\n\t\t\t\t\t<\/div>\n\t\t<\/section>\n\t\t\t\t<section class=\"elementor-section elementor-top-section elementor-element elementor-element-2d160930 elementor-section-full_width elementor-section-stretched elementor-section-height-default elementor-section-height-default\" data-id=\"2d160930\" data-element_type=\"section\" data-settings=\"{&quot;stretch_section&quot;:&quot;section-stretched&quot;}\">\n\t\t\t\t\t\t<div class=\"elementor-container elementor-column-gap-default\">\n\t\t\t\t\t\t\t<div class=\"elementor-row\">\n\t\t\t\t\t<div class=\"aux-parallax-section elementor-column elementor-col-100 elementor-top-column elementor-element elementor-element-564b1aac\" data-id=\"564b1aac\" data-element_type=\"column\">\n\t\t\t<div class=\"elementor-column-wrap elementor-element-populated\">\n\t\t\t\t\t\t\t<div class=\"elementor-widget-wrap\">\n\t\t\t\t\t\t<div class=\"elementor-element elementor-element-5f6ec8a6 elementor-widget elementor-widget-text-editor\" data-id=\"5f6ec8a6\" data-element_type=\"widget\" data-widget_type=\"text-editor.default\">\n\t\t\t\t<div class=\"elementor-widget-container\">\n\t\t\t\t\t\t\t\t<div class=\"elementor-text-editor elementor-clearfix\">\n\t\t\t\t[elementor-template id=\u00a0\u00bb1619&Prime;]\t\t\t\t\t<\/div>\n\t\t\t\t\t\t<\/div>\n\t\t\t\t<\/div>\n\t\t\t\t\t\t<\/div>\n\t\t\t\t\t<\/div>\n\t\t<\/div>\n\t\t\t\t\t\t\t\t<\/div>\n\t\t\t\t\t<\/div>\n\t\t<\/section>\n\t\t\t\t\t\t\t\t\t<\/div>\n\t\t\t<\/div>\n\t\t\t\t\t<\/div>\n\t\t","protected":false},"excerpt":{"rendered":"<p>Programme Prof &#8211; Page en cours de r\u00e9alisation La formation professionnelle Panth\u00e9\u00e2tre (et les certifications Panth\u00e9\u00e2tre et Roy Hart) incluent quatre formes de master classes, pr\u00e9sentielles et ONLINE, Master Classes L&rsquo;Art de l&rsquo;Interpr\u00e9tation par Linda Wise, chansons avec Pierre-Fran\u00e7ois Blanchard au piano. INFORMATION Master Classes de Performance Vocale avec les registres \u00e9tendus de la voix. [&hellip;]<\/p>\n","protected":false},"author":128,"featured_media":0,"parent":0,"menu_order":0,"comment_status":"closed","ping_status":"closed","template":"","meta":{"_bbp_topic_count":0,"_bbp_reply_count":0,"_bbp_total_topic_count":0,"_bbp_total_reply_count":0,"_bbp_voice_count":0,"_bbp_anonymous_reply_count":0,"_bbp_topic_count_hidden":0,"_bbp_reply_count_hidden":0,"_bbp_forum_subforum_count":0},"_links":{"self":[{"href":"https:\/\/pantheatre.com\/-\/wp-json\/wp\/v2\/pages\/1670"}],"collection":[{"href":"https:\/\/pantheatre.com\/-\/wp-json\/wp\/v2\/pages"}],"about":[{"href":"https:\/\/pantheatre.com\/-\/wp-json\/wp\/v2\/types\/page"}],"author":[{"embeddable":true,"href":"https:\/\/pantheatre.com\/-\/wp-json\/wp\/v2\/users\/128"}],"replies":[{"embeddable":true,"href":"https:\/\/pantheatre.com\/-\/wp-json\/wp\/v2\/comments?post=1670"}],"version-history":[{"count":1,"href":"https:\/\/pantheatre.com\/-\/wp-json\/wp\/v2\/pages\/1670\/revisions"}],"predecessor-version":[{"id":4768,"href":"https:\/\/pantheatre.com\/-\/wp-json\/wp\/v2\/pages\/1670\/revisions\/4768"}],"wp:attachment":[{"href":"https:\/\/pantheatre.com\/-\/wp-json\/wp\/v2\/media?parent=1670"}],"curies":[{"name":"wp","href":"https:\/\/api.w.org\/{rel}","templated":true}]}}