{"id":1666,"date":"2020-07-04T18:33:25","date_gmt":"2020-07-04T16:33:25","guid":{"rendered":"https:\/\/pantheatre.com\/-\/a_page_template_french-2\/"},"modified":"2023-01-19T11:32:02","modified_gmt":"2023-01-19T10:32:02","slug":"f-linda-wise","status":"publish","type":"page","link":"https:\/\/pantheatre.com\/-\/f-linda-wise\/","title":{"rendered":"f-linda-lise"},"content":{"rendered":"\t\t<div data-elementor-type=\"wp-page\" data-elementor-id=\"1666\" class=\"elementor elementor-1666\">\n\t\t\t\t\t\t<div class=\"elementor-inner\">\n\t\t\t\t<div class=\"elementor-section-wrap\">\n\t\t\t\t\t\t\t\t\t<section class=\"elementor-section elementor-top-section elementor-element elementor-element-19b42012 elementor-section-height-min-height elementor-section-content-middle elementor-section-boxed elementor-section-height-default elementor-section-items-middle\" data-id=\"19b42012\" data-element_type=\"section\" data-settings=\"{&quot;background_background&quot;:&quot;classic&quot;}\">\n\t\t\t\t\t\t\t<div class=\"elementor-background-overlay\"><\/div>\n\t\t\t\t\t\t\t<div class=\"elementor-container elementor-column-gap-no\">\n\t\t\t\t\t\t\t<div class=\"elementor-row\">\n\t\t\t\t\t<div class=\"aux-parallax-section elementor-column elementor-col-100 elementor-top-column elementor-element elementor-element-3eb03d80\" data-id=\"3eb03d80\" data-element_type=\"column\">\n\t\t\t<div class=\"elementor-column-wrap\">\n\t\t\t\t\t\t\t<div class=\"elementor-widget-wrap\">\n\t\t\t\t\t\t\t\t<\/div>\n\t\t\t\t\t<\/div>\n\t\t<\/div>\n\t\t\t\t\t\t\t\t<\/div>\n\t\t\t\t\t<\/div>\n\t\t<\/section>\n\t\t\t\t<section class=\"elementor-section elementor-top-section elementor-element elementor-element-312f5f41 elementor-section-height-min-height elementor-section-stretched elementor-section-boxed elementor-section-height-default elementor-section-items-middle\" data-id=\"312f5f41\" data-element_type=\"section\" data-settings=\"{&quot;background_background&quot;:&quot;classic&quot;,&quot;stretch_section&quot;:&quot;section-stretched&quot;}\">\n\t\t\t\t\t\t<div class=\"elementor-container elementor-column-gap-default\">\n\t\t\t\t\t\t\t<div class=\"elementor-row\">\n\t\t\t\t\t<div class=\"aux-parallax-section elementor-column elementor-col-100 elementor-top-column elementor-element elementor-element-7aaf048e\" data-id=\"7aaf048e\" data-element_type=\"column\">\n\t\t\t<div class=\"elementor-column-wrap elementor-element-populated\">\n\t\t\t\t\t\t\t<div class=\"elementor-widget-wrap\">\n\t\t\t\t\t\t<div class=\"elementor-element elementor-element-65272e08 elementor-widget elementor-widget-heading\" data-id=\"65272e08\" data-element_type=\"widget\" data-widget_type=\"heading.default\">\n\t\t\t\t<div class=\"elementor-widget-container\">\n\t\t\t<h2 class=\"elementor-heading-title elementor-size-default\">Linda Wise<\/h2>\t\t<\/div>\n\t\t\t\t<\/div>\n\t\t\t\t<section class=\"elementor-section elementor-inner-section elementor-element elementor-element-5c844a22 elementor-section-boxed elementor-section-height-default elementor-section-height-default\" data-id=\"5c844a22\" data-element_type=\"section\" data-settings=\"{&quot;background_background&quot;:&quot;classic&quot;}\">\n\t\t\t\t\t\t\t<div class=\"elementor-background-overlay\"><\/div>\n\t\t\t\t\t\t\t<div class=\"elementor-container elementor-column-gap-default\">\n\t\t\t\t\t\t\t<div class=\"elementor-row\">\n\t\t\t\t\t<div class=\"aux-parallax-section elementor-column elementor-col-100 elementor-inner-column elementor-element elementor-element-407c9a6c\" data-id=\"407c9a6c\" data-element_type=\"column\" data-settings=\"{&quot;background_background&quot;:&quot;classic&quot;}\">\n\t\t\t<div class=\"elementor-column-wrap elementor-element-populated\">\n\t\t\t\t\t\t\t<div class=\"elementor-widget-wrap\">\n\t\t\t\t\t\t<div class=\"elementor-element elementor-element-6590aaaa elementor-widget elementor-widget-text-editor\" data-id=\"6590aaaa\" data-element_type=\"widget\" data-widget_type=\"text-editor.default\">\n\t\t\t\t<div class=\"elementor-widget-container\">\n\t\t\t\t\t\t\t\t<div class=\"elementor-text-editor elementor-clearfix\">\n\t\t\t\t<p><em>Pan bien-aim\u00e9, et vous tous, autres dieux qui hantez ce lieu, donnez-moi la beaut\u00e9 de l\u2019\u00e2me int\u00e9rieure ; et que l\u2019homme ext\u00e9rieur et l\u2019homme int\u00e9rieur ne fassent qu\u2019un.&nbsp;<\/em>Socrate<\/p>\n<p>\u00c0 10 ans, je suis pass\u00e9e de l\u2019autre c\u00f4t\u00e9 du \u00ab&nbsp;miroir&nbsp;\u00bb, en Alice, au monde magique du th\u00e9\u00e2tre. La joie de danser avec les mots, l\u2019exaltation du chant \u2013 et, pas de trac ! \u00c0 13 ans, je connaissais&nbsp;<em>Hamlet&nbsp;<\/em>sur le bout des doigts (j\u2019\u00e9tais la souffleuse tous les soir !), et, tout ce que je voulais faire c\u2019\u00e9tait du th\u00e9\u00e2tre. Avec des amis, nous avons cr\u00e9\u00e9 notre premi\u00e8re compagnie&nbsp;<em>The Young Players<\/em>. J\u2019ai aussi confront\u00e9 de l\u2019opposition, et quelques d\u00e9pressions, mais, \u00e0 18 ans, je suis entr\u00e9e \u00e0 la Royal Scottish Academy, et \u00e0 19 ans, j\u2019ai rencontr\u00e9 le groupe de Roy Hart \u00e0 Londres. Un tournant. J\u2019\u00e9tais \u00ab passionn\u00e9ment fascin\u00e9e par une vision de la voix dont j\u2019ai trouv\u00e9 les racines et le corps avec Roy Hart \u00bb.&nbsp;&nbsp;LW. &nbsp;<a href=\"http:\/\/www.pantheatre.com\/1-linda-wise-fr.html\">lire plus<\/a>&nbsp;<\/p>\t\t\t\t\t<\/div>\n\t\t\t\t\t\t<\/div>\n\t\t\t\t<\/div>\n\t\t\t\t\t\t<\/div>\n\t\t\t\t\t<\/div>\n\t\t<\/div>\n\t\t\t\t\t\t\t\t<\/div>\n\t\t\t\t\t<\/div>\n\t\t<\/section>\n\t\t\t\t\t\t<\/div>\n\t\t\t\t\t<\/div>\n\t\t<\/div>\n\t\t\t\t\t\t\t\t<\/div>\n\t\t\t\t\t<\/div>\n\t\t<\/section>\n\t\t\t\t<section class=\"elementor-section elementor-top-section elementor-element elementor-element-1dddd132 elementor-section-full_width elementor-section-stretched elementor-section-height-default elementor-section-height-default\" data-id=\"1dddd132\" data-element_type=\"section\" data-settings=\"{&quot;stretch_section&quot;:&quot;section-stretched&quot;}\">\n\t\t\t\t\t\t<div class=\"elementor-container elementor-column-gap-default\">\n\t\t\t\t\t\t\t<div class=\"elementor-row\">\n\t\t\t\t\t<div class=\"aux-parallax-section elementor-column elementor-col-100 elementor-top-column elementor-element elementor-element-28104041\" data-id=\"28104041\" data-element_type=\"column\">\n\t\t\t<div class=\"elementor-column-wrap elementor-element-populated\">\n\t\t\t\t\t\t\t<div class=\"elementor-widget-wrap\">\n\t\t\t\t\t\t<div class=\"elementor-element elementor-element-6457614d elementor-widget elementor-widget-text-editor\" data-id=\"6457614d\" data-element_type=\"widget\" data-widget_type=\"text-editor.default\">\n\t\t\t\t<div class=\"elementor-widget-container\">\n\t\t\t\t\t\t\t\t<div class=\"elementor-text-editor elementor-clearfix\">\n\t\t\t\t[elementor-template id=\u00a0\u00bb1619&Prime;]\t\t\t\t\t<\/div>\n\t\t\t\t\t\t<\/div>\n\t\t\t\t<\/div>\n\t\t\t\t\t\t<\/div>\n\t\t\t\t\t<\/div>\n\t\t<\/div>\n\t\t\t\t\t\t\t\t<\/div>\n\t\t\t\t\t<\/div>\n\t\t<\/section>\n\t\t\t\t\t\t\t\t\t<\/div>\n\t\t\t<\/div>\n\t\t\t\t\t<\/div>\n\t\t","protected":false},"excerpt":{"rendered":"<p>Linda Wise Pan bien-aim\u00e9, et vous tous, autres dieux qui hantez ce lieu, donnez-moi la beaut\u00e9 de l\u2019\u00e2me int\u00e9rieure ; et que l\u2019homme ext\u00e9rieur et l\u2019homme int\u00e9rieur ne fassent qu\u2019un.&nbsp;Socrate \u00c0 10 ans, je suis pass\u00e9e de l\u2019autre c\u00f4t\u00e9 du \u00ab&nbsp;miroir&nbsp;\u00bb, en Alice, au monde magique du th\u00e9\u00e2tre. La joie de danser avec les mots, [&hellip;]<\/p>\n","protected":false},"author":128,"featured_media":0,"parent":0,"menu_order":0,"comment_status":"closed","ping_status":"closed","template":"","meta":{"_bbp_topic_count":0,"_bbp_reply_count":0,"_bbp_total_topic_count":0,"_bbp_total_reply_count":0,"_bbp_voice_count":0,"_bbp_anonymous_reply_count":0,"_bbp_topic_count_hidden":0,"_bbp_reply_count_hidden":0,"_bbp_forum_subforum_count":0},"_links":{"self":[{"href":"https:\/\/pantheatre.com\/-\/wp-json\/wp\/v2\/pages\/1666"}],"collection":[{"href":"https:\/\/pantheatre.com\/-\/wp-json\/wp\/v2\/pages"}],"about":[{"href":"https:\/\/pantheatre.com\/-\/wp-json\/wp\/v2\/types\/page"}],"author":[{"embeddable":true,"href":"https:\/\/pantheatre.com\/-\/wp-json\/wp\/v2\/users\/128"}],"replies":[{"embeddable":true,"href":"https:\/\/pantheatre.com\/-\/wp-json\/wp\/v2\/comments?post=1666"}],"version-history":[{"count":2,"href":"https:\/\/pantheatre.com\/-\/wp-json\/wp\/v2\/pages\/1666\/revisions"}],"predecessor-version":[{"id":8152,"href":"https:\/\/pantheatre.com\/-\/wp-json\/wp\/v2\/pages\/1666\/revisions\/8152"}],"wp:attachment":[{"href":"https:\/\/pantheatre.com\/-\/wp-json\/wp\/v2\/media?parent=1666"}],"curies":[{"name":"wp","href":"https:\/\/api.w.org\/{rel}","templated":true}]}}