{"id":1582,"date":"2020-07-04T11:39:04","date_gmt":"2020-07-04T09:39:04","guid":{"rendered":"https:\/\/pantheatre.com\/-\/?page_id=1582"},"modified":"2024-07-25T19:21:08","modified_gmt":"2024-07-25T17:21:08","slug":"f-enrique-pardo","status":"publish","type":"page","link":"https:\/\/pantheatre.com\/-\/f-enrique-pardo\/","title":{"rendered":"f-enrique-pardo"},"content":{"rendered":"\t\t<div data-elementor-type=\"wp-page\" data-elementor-id=\"1582\" class=\"elementor elementor-1582\">\n\t\t\t\t\t\t<div class=\"elementor-inner\">\n\t\t\t\t<div class=\"elementor-section-wrap\">\n\t\t\t\t\t\t\t\t\t<section class=\"elementor-section elementor-top-section elementor-element elementor-element-5690b733 elementor-section-height-min-height elementor-section-stretched elementor-section-content-middle elementor-section-boxed elementor-section-height-default elementor-section-items-middle\" data-id=\"5690b733\" data-element_type=\"section\" data-settings=\"{&quot;background_background&quot;:&quot;classic&quot;,&quot;stretch_section&quot;:&quot;section-stretched&quot;}\">\n\t\t\t\t\t\t\t<div class=\"elementor-background-overlay\"><\/div>\n\t\t\t\t\t\t\t<div class=\"elementor-container elementor-column-gap-no\">\n\t\t\t\t\t\t\t<div class=\"elementor-row\">\n\t\t\t\t\t<div class=\"aux-parallax-section elementor-column elementor-col-100 elementor-top-column elementor-element elementor-element-8b5b494\" data-id=\"8b5b494\" data-element_type=\"column\">\n\t\t\t<div class=\"elementor-column-wrap\">\n\t\t\t\t\t\t\t<div class=\"elementor-widget-wrap\">\n\t\t\t\t\t\t\t\t<\/div>\n\t\t\t\t\t<\/div>\n\t\t<\/div>\n\t\t\t\t\t\t\t\t<\/div>\n\t\t\t\t\t<\/div>\n\t\t<\/section>\n\t\t\t\t<section class=\"elementor-section elementor-top-section elementor-element elementor-element-27861a18 elementor-section-height-min-height elementor-section-stretched elementor-section-boxed elementor-section-height-default elementor-section-items-middle\" data-id=\"27861a18\" data-element_type=\"section\" data-settings=\"{&quot;background_background&quot;:&quot;classic&quot;,&quot;stretch_section&quot;:&quot;section-stretched&quot;}\">\n\t\t\t\t\t\t<div class=\"elementor-container elementor-column-gap-default\">\n\t\t\t\t\t\t\t<div class=\"elementor-row\">\n\t\t\t\t\t<div class=\"aux-parallax-section elementor-column elementor-col-100 elementor-top-column elementor-element elementor-element-56a129af\" data-id=\"56a129af\" data-element_type=\"column\">\n\t\t\t<div class=\"elementor-column-wrap elementor-element-populated\">\n\t\t\t\t\t\t\t<div class=\"elementor-widget-wrap\">\n\t\t\t\t\t\t<section class=\"elementor-section elementor-inner-section elementor-element elementor-element-aafe36c elementor-section-boxed elementor-section-height-default elementor-section-height-default\" data-id=\"aafe36c\" data-element_type=\"section\" data-settings=\"{&quot;background_background&quot;:&quot;classic&quot;}\">\n\t\t\t\t\t\t\t<div class=\"elementor-background-overlay\"><\/div>\n\t\t\t\t\t\t\t<div class=\"elementor-container elementor-column-gap-default\">\n\t\t\t\t\t\t\t<div class=\"elementor-row\">\n\t\t\t\t\t<div class=\"aux-parallax-section elementor-column elementor-col-100 elementor-inner-column elementor-element elementor-element-2abeb7f\" data-id=\"2abeb7f\" data-element_type=\"column\" data-settings=\"{&quot;background_background&quot;:&quot;classic&quot;}\">\n\t\t\t<div class=\"elementor-column-wrap elementor-element-populated\">\n\t\t\t\t\t\t\t<div class=\"elementor-widget-wrap\">\n\t\t\t\t\t\t<div class=\"elementor-element elementor-element-1276dd9a elementor-widget elementor-widget-heading\" data-id=\"1276dd9a\" data-element_type=\"widget\" data-widget_type=\"heading.default\">\n\t\t\t\t<div class=\"elementor-widget-container\">\n\t\t\t<h2 class=\"elementor-heading-title elementor-size-default\">Enrique Pardo<\/h2>\t\t<\/div>\n\t\t\t\t<\/div>\n\t\t\t\t<div class=\"elementor-element elementor-element-cc026a5 elementor-widget elementor-widget-text-editor\" data-id=\"cc026a5\" data-element_type=\"widget\" data-widget_type=\"text-editor.default\">\n\t\t\t\t<div class=\"elementor-widget-container\">\n\t\t\t\t\t\t\t\t<div class=\"elementor-text-editor elementor-clearfix\">\n\t\t\t\t<p>Mon travail de pointe, aujourd\u2019hui, se fait indiscutablement en laboratoire. De l\u00e0 sont issus toute une s\u00e9rie de spectacles, de magnifiques collaborations que j\u2019ai r\u00e9uni sour l\u2019intitul\u00e9\u00a0<em>Folies \u00e0 Deux<\/em>\u00a0; transferts entrelac\u00e9s vers ce qui est probablement mon but principal\u00a0:\u00a0<em>la cr\u00e9ativit\u00e9 psychologique<\/em>.<\/p><p>Mon r\u00f4le y serait celui d\u2019un directeur de <b>laboratoire<\/b>, qu\u2019on appelle en Alchimie\u00a0<em>ARTIFEX\u00a0<\/em>: artificier, d\u00e9clencheur d\u2019artifices, catalyste et, pourquoi pas, chamane : \u00ab Tu es chamane tant que dure ta chance \u00bb (Roberte Hamayon). Avec l\u2019\u00e2ge, la chance semble me sourire plus souvent. Voici une tr\u00e8s belle description de Florence D\u00e9rail (artiste, professeur de yoga):<br \/>\u00ab\u00a0Cet atelier \u2013 Laboratoire :<br \/>\u2013 n\u2019est pas un lieu th\u00e9rapeutique \u2013 malgr\u00e9 la bienveillance qui y r\u00e8gne,\u00a0<br \/>\u2013 c\u2019est un lieu o\u00f9 chaque participant, quelques soient ses possibles blocages initiaux, est plac\u00e9 dans un \u00e9tat d\u2019hyper-cr\u00e9ativit\u00e9 et d\u2019hyper-r\u00e9ceptivit\u00e9, o\u00f9 l\u2019intuition cro\u00eet \u00e0 grde vitesse<br \/>\u2013 C\u2019est un Laboratoire au sens le plus fort cad un lieu d\u2019exp\u00e9rimentation [pour qui? Pour tous, Enrique Pardo inclus.]\u00a0\u00bb<\/p><p>Et <b>la voix<\/b> dans tout cela\u00a0? J\u2019aime beaucoup une d\u00e9finition (indirecte) de Giorgio Agamben\u00a0: \u00ab\u00a0L\u2019\u00e9coute de la voix dans le discours, c\u2019est cela la pens\u00e9e\u00a0\u00bb. J\u2019aime aussi la citation favorite de Roy Hart\u00a0: \u00ab\u00a0La voix est le muscle de l\u2019\u00e2me\u00a0\u00bb, de H. W. Longfellow, po\u00e8te romantique am\u00e9ricain.<\/p><p><span style=\"font-size: 16.0016px; color: #444444;\">Cela dit,\u00a0 \u00ab\u00a0soul\u00a0\u00bb (ou sa version \u00ab\u00a0\u00e2me\u00a0\u00bb, surtout dans la France catholique), n&rsquo;est pas ma r\u00e9f\u00e9rence culturelle principale (soul, <i>seele,\u00a0<\/i>est une notion germano- celtique), ce qui m&rsquo;a fait \u00e9crire de nombreux articles sur les diff\u00e9rence entre soul, psych\u00e9 et anima.<\/span><\/p>\t\t\t\t\t<\/div>\n\t\t\t\t\t\t<\/div>\n\t\t\t\t<\/div>\n\t\t\t\t<div class=\"elementor-element elementor-element-df3e368 elementor-widget elementor-widget-text-editor\" data-id=\"df3e368\" data-element_type=\"widget\" data-widget_type=\"text-editor.default\">\n\t\t\t\t<div class=\"elementor-widget-container\">\n\t\t\t\t\t\t\t\t<div class=\"elementor-text-editor elementor-clearfix\">\n\t\t\t\t<h3 style=\"text-align: center;\"><a href=\"http:\/\/www.pantheatre.com\/1-enrique-pardo.html\">Archives Biographiques<\/a><\/h3>\t\t\t\t\t<\/div>\n\t\t\t\t\t\t<\/div>\n\t\t\t\t<\/div>\n\t\t\t\t\t\t<\/div>\n\t\t\t\t\t<\/div>\n\t\t<\/div>\n\t\t\t\t\t\t\t\t<\/div>\n\t\t\t\t\t<\/div>\n\t\t<\/section>\n\t\t\t\t<div class=\"elementor-element elementor-element-89f36fd elementor-widget-divider--view-line elementor-widget elementor-widget-divider\" data-id=\"89f36fd\" data-element_type=\"widget\" data-widget_type=\"divider.default\">\n\t\t\t\t<div class=\"elementor-widget-container\">\n\t\t\t\t\t<div class=\"elementor-divider\">\n\t\t\t<span class=\"elementor-divider-separator\">\n\t\t\t\t\t\t<\/span>\n\t\t<\/div>\n\t\t\t\t<\/div>\n\t\t\t\t<\/div>\n\t\t\t\t\t\t<\/div>\n\t\t\t\t\t<\/div>\n\t\t<\/div>\n\t\t\t\t\t\t\t\t<\/div>\n\t\t\t\t\t<\/div>\n\t\t<\/section>\n\t\t\t\t<section class=\"elementor-section elementor-top-section elementor-element elementor-element-547baa62 elementor-section-full_width elementor-section-stretched elementor-section-height-default elementor-section-height-default\" data-id=\"547baa62\" data-element_type=\"section\" data-settings=\"{&quot;stretch_section&quot;:&quot;section-stretched&quot;}\">\n\t\t\t\t\t\t<div class=\"elementor-container elementor-column-gap-default\">\n\t\t\t\t\t\t\t<div class=\"elementor-row\">\n\t\t\t\t\t<div class=\"aux-parallax-section elementor-column elementor-col-100 elementor-top-column elementor-element elementor-element-760f1ee3\" data-id=\"760f1ee3\" data-element_type=\"column\">\n\t\t\t<div class=\"elementor-column-wrap elementor-element-populated\">\n\t\t\t\t\t\t\t<div class=\"elementor-widget-wrap\">\n\t\t\t\t\t\t<section class=\"elementor-section elementor-inner-section elementor-element elementor-element-b3f8460 elementor-section-boxed elementor-section-height-default elementor-section-height-default\" data-id=\"b3f8460\" data-element_type=\"section\">\n\t\t\t\t\t\t<div class=\"elementor-container elementor-column-gap-default\">\n\t\t\t\t\t\t\t<div class=\"elementor-row\">\n\t\t\t\t\t<div class=\"aux-parallax-section elementor-column elementor-col-33 elementor-inner-column elementor-element elementor-element-d7cb756\" data-id=\"d7cb756\" data-element_type=\"column\">\n\t\t\t<div class=\"elementor-column-wrap elementor-element-populated\">\n\t\t\t\t\t\t\t<div class=\"elementor-widget-wrap\">\n\t\t\t\t\t\t<div class=\"elementor-element elementor-element-3555fda elementor-widget__width-initial elementor-widget elementor-widget-text-editor\" data-id=\"3555fda\" data-element_type=\"widget\" data-widget_type=\"text-editor.default\">\n\t\t\t\t<div class=\"elementor-widget-container\">\n\t\t\t\t\t\t\t\t<div class=\"elementor-text-editor elementor-clearfix\">\n\t\t\t\t<h4>Enrique Pardo<\/h4><h4>Pantheatre<br \/>Roy Hart et<br \/>Centre Roy Hart<\/h4><h3>Historique et Rapports<\/h3>\t\t\t\t\t<\/div>\n\t\t\t\t\t\t<\/div>\n\t\t\t\t<\/div>\n\t\t\t\t<div class=\"elementor-element elementor-element-8fe4446 elementor-widget elementor-widget-spacer\" data-id=\"8fe4446\" data-element_type=\"widget\" data-widget_type=\"spacer.default\">\n\t\t\t\t<div class=\"elementor-widget-container\">\n\t\t\t\t\t<div class=\"elementor-spacer\">\n\t\t\t<div class=\"elementor-spacer-inner\"><\/div>\n\t\t<\/div>\n\t\t\t\t<\/div>\n\t\t\t\t<\/div>\n\t\t\t\t<div class=\"elementor-element elementor-element-fac55ec elementor-widget elementor-widget-image\" data-id=\"fac55ec\" data-element_type=\"widget\" data-widget_type=\"image.default\">\n\t\t\t\t<div class=\"elementor-widget-container\">\n\t\t\t\t\t\t\t\t<div class=\"elementor-image\">\n\t\t\t\t\t\t\t\t\t\t\t\t<img decoding=\"async\" width=\"280\" height=\"334\" src=\"https:\/\/pantheatre.com\/-\/wp-content\/uploads\/2024\/02\/photo-EP-smile.jpg\" class=\"attachment-large size-large wp-image-10906\" alt=\"Enrique\" loading=\"lazy\" \/>\t\t\t\t\t\t\t\t\t\t\t\t\t\t<\/div>\n\t\t\t\t\t\t<\/div>\n\t\t\t\t<\/div>\n\t\t\t\t\t\t<\/div>\n\t\t\t\t\t<\/div>\n\t\t<\/div>\n\t\t\t\t<div class=\"aux-parallax-section elementor-column elementor-col-33 elementor-inner-column elementor-element elementor-element-d95a987\" data-id=\"d95a987\" data-element_type=\"column\">\n\t\t\t<div class=\"elementor-column-wrap elementor-element-populated\">\n\t\t\t\t\t\t\t<div class=\"elementor-widget-wrap\">\n\t\t\t\t\t\t<div class=\"elementor-element elementor-element-6ff7ed1b elementor-widget elementor-widget-text-editor\" data-id=\"6ff7ed1b\" data-element_type=\"widget\" data-widget_type=\"text-editor.default\">\n\t\t\t\t<div class=\"elementor-widget-container\">\n\t\t\t\t\t\t\t\t<div class=\"elementor-text-editor elementor-clearfix\">\n\t\t\t\t<h4>CV \u00e9crit pour le site du Centre Roy Hart<br \/>\u00e0 Mal\u00e9rargues, Gard.<\/h4><p>Mon travail honore deux figures principales d\u2019inspiration : <a href=\"http:\/\/pantheatre.com\/1-histoire-fr.html\"><strong>Roy Hart<\/strong><\/a> (\u2020 1975), l\u2019id\u00e9alisme de sa philosophie et pratique de la voix, et la pens\u00e9e de l\u2019\u00e9crivain et psychologue am\u00e9ricain,<a href=\"http:\/\/1-james-hillman-html\" data-wplink-url-error=\"true\"> <strong>James Hillman<\/strong><\/a> (\u2020 2011) &#8211; le principal h\u00e9ritier de Carl Jung. Depuis plus de dix ans , j&rsquo;ai aussi les dialogues les plus inspirants avec le philosophe fran\u00e7ais <a href=\"https:\/\/www.arsmagica.fr\/\"><strong>Xavier Papa\u00efs<\/strong><\/a>.<\/p><p>L\u2019ann\u00e9e <strong>2025<\/strong> marquera le 50<sup>e<\/sup> anniversaire de la mort de Roy Hart. Je compte assembler un recueil d\u2019articles de fond sur lui, sur les sept ann\u00e9es que j\u2019ai travaill\u00e9 avec lui, de 1968 \u00e0 1975, et sur les cinquante ann\u00e9es depuis, pendant lesquelles j\u2019ai eu la chance de beaucoup voyager, surtout artistiquement, et de rencontrer de nombreux ma\u00eetres, souvent devenus des amis, dont James Hillman. Certains \u00e9tant par ailleurs plus jeunes que moi, comme l\u2019acteur p\u00e9ruvien Luis Ramirez, le metteur en sc\u00e8ne Romeo Castellucci, et plus r\u00e9cemment Xavier Papa\u00efs.<\/p><p>J\u2019ai fond\u00e9 <a href=\"http:\/\/pantheatre.com\/1-definitions-fr.html\"><strong><em>Panth\u00e9\u00e2tre<\/em><\/strong><\/a> en 1981, que je codirige avec ma compagne, <a href=\"http:\/\/pantheatre.com\/1-linda-wise.html\"><strong>Linda Wise<\/strong><\/a>. Nous sommes bas\u00e9s \u00e0 <b>Paris<\/b> et \u00e0 <b>Mal\u00e9rargues<\/b> &#8211; en tant que compagnie autonome associ\u00e9e au Centre Roy Hart.<\/p><p><span style=\"font-size: 16.0016px;\">Panth\u00e9\u00e2tre s&rsquo;est constitu\u00e9 pendant \u00ab\u00a0l&rsquo;\u00e2ge des t\u00e9n\u00e8bres\u00a0\u00bb de<\/span><span style=\"font-size: 16.0016px;\">\u00a0Mal\u00e9rargues, les ann\u00e9es\u00a0<\/span><span style=\"font-size: 16.0016px;\">d\u2019autarcie sociale et artistique qui ont suivi le d\u00e9c\u00e8s de Roy Hart. Je me r\u00e9unissais avec quelques coll\u00e8gues pour explorer les rapports entre <strong><em>voix et mouvement<\/em><\/strong>. Deux livres ont chang\u00e9 mon horizon de pens\u00e9e : l\u2019un de James Hillman, l\u2019autre de son collaborateur, le psychoth\u00e9rapeute Rafael Lopez-Pedraza ; tous deux sur <strong>Pan<\/strong>, le dieu danseur-chanteur. De l\u00e0, en 1981, le solo <strong><em style=\"font-size: 16.0016px;\">Calling for Pan<\/em><\/strong>, et <em style=\"font-size: 16.0016px;\"><b>Panth\u00e9\u00e2tre<\/b><\/em>.<\/span><\/p><p><span style=\"font-size: 16.0016px;\"> Puis, en 1987, sur proposition de James Hillman, nous avons organis\u00e9 le premier <a href=\"https:\/\/pantheatre.com\/-\/f-MT24\"><strong style=\"font-size: 16.0016px;\"><em>Festival Mythe et Th\u00e9\u00e2tre<\/em><\/strong><\/a> &#8211; toujours en cours. Son penchant culturel et polyth\u00e9iste ne cadrait pas avec le &lsquo;Roy Hart&rsquo; de l&rsquo;\u00e9poque et a fait que le festival a d\u00fb partir en exil pendant presque vingt ans ; exil dor\u00e9 de dix ans \u00e0 la Chartreuse de Villeneuve lez Avignon, puis \u00e0 la Nouvelle Orl\u00e9ans, en Irlande et \u00e0 Grenade&#8230;\u00a0<\/span><\/p>\t\t\t\t\t<\/div>\n\t\t\t\t\t\t<\/div>\n\t\t\t\t<\/div>\n\t\t\t\t\t\t<\/div>\n\t\t\t\t\t<\/div>\n\t\t<\/div>\n\t\t\t\t<div class=\"aux-parallax-section elementor-column elementor-col-33 elementor-inner-column elementor-element elementor-element-77ef27a\" data-id=\"77ef27a\" data-element_type=\"column\">\n\t\t\t<div class=\"elementor-column-wrap elementor-element-populated\">\n\t\t\t\t\t\t\t<div class=\"elementor-widget-wrap\">\n\t\t\t\t\t\t<div class=\"elementor-element elementor-element-b2768ec elementor-widget__width-initial elementor-widget elementor-widget-text-editor\" data-id=\"b2768ec\" data-element_type=\"widget\" data-widget_type=\"text-editor.default\">\n\t\t\t\t<div class=\"elementor-widget-container\">\n\t\t\t\t\t\t\t\t<div class=\"elementor-text-editor elementor-clearfix\">\n\t\t\t\t<p><span style=\"font-size: 16.0016px;\">Retour \u00e0 Mal\u00e9rargues en 2005 pour une s\u00e9rie d\u00e9di\u00e9e &#8211; enfin\u00a0! &#8211; aux <strong><em style=\"font-size: 16.0016px;\">Mythes de la Voix<\/em><\/strong>. Le plus r\u00e9cent festival, en juin 2023, a eu comme th\u00e8me <em style=\"font-size: 16.0016px;\"><b>F\u00c9TICHE<\/b><\/em>, dans une s\u00e9rie qui se poursuit, d\u00e9di\u00e9e \u00e0 <strong><em style=\"font-size: 16.0016px;\">La Magie<\/em><\/strong>.2024 fut d\u00e9di\u00e9 \u00e0 GENII (G\u00e9nies au plurie:.)<\/span><\/p><p><span style=\"font-size: 16.0016px;\">Aujourd\u2019hui, en bref, les deux principaux \u2018pans\u2019 de mon travail sont le <\/span><a style=\"background-color: white; font-size: 16.0016px;\" href=\"http:\/\/pantheatre.com\/2-theatre-choregraphique-fr.html\"><strong><em>Th\u00e9\u00e2tre Chor\u00e9graphique<\/em><\/strong><\/a><span style=\"font-size: 16.0016px;\"> et la <\/span><a style=\"background-color: white; font-size: 16.0016px;\" href=\"http:\/\/pantheatre.com\/2-voix-fr.html\"><strong><em>Performance Vocale<\/em><\/strong><\/a><span style=\"font-size: 16.0016px;\">. Je dirige des projets laboratoires, des cr\u00e9ations, et des projets de transmission avec Linda Wise et nos collaborateurs \u00e0 Paris et \u00e0 Mal\u00e9rargues, o\u00f9 nous avons une maison, une biblioth\u00e8que, un studio et un tr\u00e8s beau jardin.<\/span><\/p><p>Je vous laisse d\u00e9couvrir tout cela \u00e0 travers les liens internet de ce bref <em>curriculum<\/em>. Panth\u00e9\u00e2tre, \u00e9tant la principale mouvance autonome (parfois<em> underground<\/em>) \u00e0 Mal\u00e9rargues, je vous invite aussi \u00e0 visiter le <a href=\"https:\/\/pantheatre.com\/-\/f-home\">SITE WEB<\/a> et \u00e0 vous inscrire \u00e0 la <a href=\"https:\/\/600fc59d.sibforms.com\/serve\/MUIEAPGdj71u-dh5_yPEWJREYQqbWNW2sf0B5TbhbEQzAj31V7GE9La-JdKFYXNBZ6gg8RoNsSdjbUjIp0DQi35VHywBTvRwLAzImG3jOMvcvXqgKs4jyZ5JRAGJEuAkc1HYFV5MaIalISOkB4TLhyCOigitPH6gPPo-yzcIFRFp_6XEwgKPNGCudkHdUdSzEPfi1kBrqhIHi-af\"><strong><em>Newsletter <\/em><\/strong><\/a>et au<a href=\"https:\/\/enriquepanblog.wordpress.com\/\"><strong><em> Blog<\/em><\/strong><\/a> . Au plaisir.<\/p><p style=\"text-align: right;\">EP &#8211;\u00a0 05 mars 2024<\/p>\t\t\t\t\t<\/div>\n\t\t\t\t\t\t<\/div>\n\t\t\t\t<\/div>\n\t\t\t\t<div class=\"elementor-element elementor-element-4b100d8 elementor-widget elementor-widget-spacer\" data-id=\"4b100d8\" data-element_type=\"widget\" data-widget_type=\"spacer.default\">\n\t\t\t\t<div class=\"elementor-widget-container\">\n\t\t\t\t\t<div class=\"elementor-spacer\">\n\t\t\t<div class=\"elementor-spacer-inner\"><\/div>\n\t\t<\/div>\n\t\t\t\t<\/div>\n\t\t\t\t<\/div>\n\t\t\t\t<div class=\"elementor-element elementor-element-b4b5ce4 elementor-widget__width-initial elementor-widget elementor-widget-text-editor\" data-id=\"b4b5ce4\" data-element_type=\"widget\" data-widget_type=\"text-editor.default\">\n\t\t\t\t<div class=\"elementor-widget-container\">\n\t\t\t\t\t\t\t\t<div class=\"elementor-text-editor elementor-clearfix\">\n\t\t\t\t<h3><span style=\"color: #993366;\">PS IMPORTANT<\/span><\/h3>\n<p>Un d\u00e9saccord profond est apparu : le Centre Roy Hart, sous sa forme juridique d&rsquo;Association Loi 1901 \u00e0 but non lucratif, propose de changer le nom du Centre ARTISTIQUE INTERNATIONAL Roy Hart, en CENTRE DE LA VOIX.<\/p>\n<p>La suppression d&rsquo;ARTISTIQUE et son remplacement par VOIX est pour moi une grave r\u00e9duction, et je m&rsquo;y oppose. (Le changement a \u00e9t\u00e9 act\u00e9 courant 2024.)<\/p>\n<p>Pratiquement tous les administrateurs et membres votants sont \u00e0 pr\u00e9sent des professeurs \u00ab\u00a0Roy Hart\u00a0\u00bb certifi\u00e9s par leur propre majorit\u00e9, dans le cadre d&rsquo;une franchise p\u00e9dagogique et commerciale qui contr\u00f4le Mal\u00e9rargues comme outil de travail (les studios), et r\u00e9sidentiel (g\u00eete d&rsquo;accueil locatif).<\/p>\n<p>Cela aussi est grave car c&rsquo;est une forme de&nbsp;<span style=\"font-size: 16.0016px;\">d\u00e9mocratie dystopique o\u00f9 je semble \u00eatre la seule <i><b>voix<\/b><\/i> d&rsquo;opposition. EP<\/span><\/p>\t\t\t\t\t<\/div>\n\t\t\t\t\t\t<\/div>\n\t\t\t\t<\/div>\n\t\t\t\t\t\t<\/div>\n\t\t\t\t\t<\/div>\n\t\t<\/div>\n\t\t\t\t\t\t\t\t<\/div>\n\t\t\t\t\t<\/div>\n\t\t<\/section>\n\t\t\t\t\t\t<\/div>\n\t\t\t\t\t<\/div>\n\t\t<\/div>\n\t\t\t\t\t\t\t\t<\/div>\n\t\t\t\t\t<\/div>\n\t\t<\/section>\n\t\t\t\t\t\t\t\t\t<\/div>\n\t\t\t<\/div>\n\t\t\t\t\t<\/div>\n\t\t","protected":false},"excerpt":{"rendered":"<p>Enrique Pardo Mon travail de pointe, aujourd\u2019hui, se fait indiscutablement en laboratoire. De l\u00e0 sont issus toute une s\u00e9rie de spectacles, de magnifiques collaborations que j\u2019ai r\u00e9uni sour l\u2019intitul\u00e9\u00a0Folies \u00e0 Deux\u00a0; transferts entrelac\u00e9s vers ce qui est probablement mon but principal\u00a0:\u00a0la cr\u00e9ativit\u00e9 psychologique. Mon r\u00f4le y serait celui d\u2019un directeur de laboratoire, qu\u2019on appelle en [&hellip;]<\/p>\n","protected":false},"author":128,"featured_media":0,"parent":0,"menu_order":0,"comment_status":"closed","ping_status":"closed","template":"","meta":{"_bbp_topic_count":0,"_bbp_reply_count":0,"_bbp_total_topic_count":0,"_bbp_total_reply_count":0,"_bbp_voice_count":0,"_bbp_anonymous_reply_count":0,"_bbp_topic_count_hidden":0,"_bbp_reply_count_hidden":0,"_bbp_forum_subforum_count":0},"_links":{"self":[{"href":"https:\/\/pantheatre.com\/-\/wp-json\/wp\/v2\/pages\/1582"}],"collection":[{"href":"https:\/\/pantheatre.com\/-\/wp-json\/wp\/v2\/pages"}],"about":[{"href":"https:\/\/pantheatre.com\/-\/wp-json\/wp\/v2\/types\/page"}],"author":[{"embeddable":true,"href":"https:\/\/pantheatre.com\/-\/wp-json\/wp\/v2\/users\/128"}],"replies":[{"embeddable":true,"href":"https:\/\/pantheatre.com\/-\/wp-json\/wp\/v2\/comments?post=1582"}],"version-history":[{"count":2,"href":"https:\/\/pantheatre.com\/-\/wp-json\/wp\/v2\/pages\/1582\/revisions"}],"predecessor-version":[{"id":12699,"href":"https:\/\/pantheatre.com\/-\/wp-json\/wp\/v2\/pages\/1582\/revisions\/12699"}],"wp:attachment":[{"href":"https:\/\/pantheatre.com\/-\/wp-json\/wp\/v2\/media?parent=1582"}],"curies":[{"name":"wp","href":"https:\/\/api.w.org\/{rel}","templated":true}]}}