{"id":14555,"date":"2026-01-10T20:51:29","date_gmt":"2026-01-10T19:51:29","guid":{"rendered":"https:\/\/pantheatre.com\/-\/e-xavier-papais-2\/"},"modified":"2026-01-19T19:19:56","modified_gmt":"2026-01-19T18:19:56","slug":"xavier-papais","status":"publish","type":"page","link":"https:\/\/pantheatre.com\/-\/xavier-papais\/","title":{"rendered":"xavier-papa\u00efs"},"content":{"rendered":"\t\t<div data-elementor-type=\"wp-page\" data-elementor-id=\"14555\" class=\"elementor elementor-14555\">\n\t\t\t\t\t\t<div class=\"elementor-inner\">\n\t\t\t\t<div class=\"elementor-section-wrap\">\n\t\t\t\t\t\t\t\t\t<section class=\"elementor-section elementor-top-section elementor-element elementor-element-c1f6943 elementor-section-height-min-height elementor-section-stretched elementor-section-boxed elementor-section-height-default elementor-section-items-middle\" data-id=\"c1f6943\" data-element_type=\"section\" data-settings=\"{&quot;background_background&quot;:&quot;classic&quot;,&quot;stretch_section&quot;:&quot;section-stretched&quot;}\">\n\t\t\t\t\t\t<div class=\"elementor-container elementor-column-gap-default\">\n\t\t\t\t\t\t\t<div class=\"elementor-row\">\n\t\t\t\t\t<div class=\"aux-parallax-section elementor-column elementor-col-100 elementor-top-column elementor-element elementor-element-b6c1c7d\" data-id=\"b6c1c7d\" data-element_type=\"column\">\n\t\t\t<div class=\"elementor-column-wrap elementor-element-populated\">\n\t\t\t\t\t\t\t<div class=\"elementor-widget-wrap\">\n\t\t\t\t\t\t<div class=\"elementor-element elementor-element-51a8b48 elementor-widget elementor-widget-text-editor\" data-id=\"51a8b48\" data-element_type=\"widget\" data-widget_type=\"text-editor.default\">\n\t\t\t\t<div class=\"elementor-widget-container\">\n\t\t\t\t\t\t\t\t<div class=\"elementor-text-editor elementor-clearfix\">\n\t\t\t\t<p>Lorem ipsum dolor sit amet, consectetur adipiscing elit. Ut elit tellus, luctus nec ullamcorper mattis, pulvinar dapibus leo.<\/p>\t\t\t\t\t<\/div>\n\t\t\t\t\t\t<\/div>\n\t\t\t\t<\/div>\n\t\t\t\t<div class=\"elementor-element elementor-element-94179a4 elementor-widget elementor-widget-heading\" data-id=\"94179a4\" data-element_type=\"widget\" data-widget_type=\"heading.default\">\n\t\t\t\t<div class=\"elementor-widget-container\">\n\t\t\t<h2 class=\"elementor-heading-title elementor-size-default\"><br>Xavier Papa\u00efs<\/h2>\t\t<\/div>\n\t\t\t\t<\/div>\n\t\t\t\t<section class=\"elementor-section elementor-inner-section elementor-element elementor-element-0afded2 elementor-section-boxed elementor-section-height-default elementor-section-height-default\" data-id=\"0afded2\" data-element_type=\"section\">\n\t\t\t\t\t\t<div class=\"elementor-container elementor-column-gap-default\">\n\t\t\t\t\t\t\t<div class=\"elementor-row\">\n\t\t\t\t\t<div class=\"aux-parallax-section elementor-column elementor-col-50 elementor-inner-column elementor-element elementor-element-779374a\" data-id=\"779374a\" data-element_type=\"column\">\n\t\t\t<div class=\"elementor-column-wrap elementor-element-populated\">\n\t\t\t\t\t\t\t<div class=\"elementor-widget-wrap\">\n\t\t\t\t\t\t<div class=\"elementor-element elementor-element-e38bc19 elementor-widget elementor-widget-text-editor\" data-id=\"e38bc19\" data-element_type=\"widget\" data-widget_type=\"text-editor.default\">\n\t\t\t\t<div class=\"elementor-widget-container\">\n\t\t\t\t\t\t\t\t<div class=\"elementor-text-editor elementor-clearfix\">\n\t\t\t\t<p>FRAN\u00c7AIS<\/p><p>Nous consacrons une page \u00e0 Xavier Papa\u00efs, philosophe fran\u00e7ais qui pr\u00e9f\u00e8re \u00eatre appel\u00e9 ethno-historien, ancrant sa pens\u00e9e dans l\u2019histoire et la g\u00e9ographie, l\u2019anthropologie et la sociologie. Il est \u00e9galement psychanalyste lacanien. Ces derni\u00e8res ann\u00e9es, il s\u2019est retir\u00e9 de la sc\u00e8ne publique (d\u2019Internet surtout). Je vais inclure quelques citations de moi-m\u00eame sur Xavier, que je consid\u00e8re non seulement comme mon meilleur ami, mais aussi comme le penseur le plus inspirant d\u2019aujourd\u2019hui, certainement pour les artistes, et en particulier pour les performeurs.<\/p><p><span style=\"font-size: 16.0016px;\">Je lui ai demand\u00e9 s\u2019il accepterait d\u2019\u00eatre pr\u00e9sent\u00e9 comme consultant de Pantheatre, mais il a pr\u00e9f\u00e9r\u00e9 le titre de \u00ab conseiller scientifique \u00bb !!!\u00a0 Oui, dans le monde universitaire, ce titre d\u00e9signe un sp\u00e9cialiste de r\u00e9f\u00e9rence.<\/span><\/p><p><span style=\"font-size: 16.0016px;\">Vous pouvez visiter le site web encyclop\u00e9dique qu\u2019il a cr\u00e9\u00e9 et supervis\u00e9,\u00a0<\/span><a href=\"http:\/\/arsmagica fr\" data-wplink-url-error=\"true\">ARS MAGICA<\/a><span style=\"font-size: 16.0016px;\">, qui rassemble ce qu\u2019il consid\u00e8re comme des \u00e9crits th\u00e9oriques de grande valeur (en fran\u00e7ais). Il ne fait pratiquement jamais r\u00e9f\u00e9rence \u00e0 ses propres \u00e9crits ni \u00e0 son nom\u2026 Sa br\u00e8ve introduction \u00e0 la Magie est l\u2019un des meilleurs articles anthropologiques que j\u2019aie lus \u2013 certainement sur la Magie. \u00c0 suivre. EP<\/span><\/p>\t\t\t\t\t<\/div>\n\t\t\t\t\t\t<\/div>\n\t\t\t\t<\/div>\n\t\t\t\t\t\t<\/div>\n\t\t\t\t\t<\/div>\n\t\t<\/div>\n\t\t\t\t<div class=\"aux-parallax-section elementor-column elementor-col-50 elementor-inner-column elementor-element elementor-element-c449065\" data-id=\"c449065\" data-element_type=\"column\">\n\t\t\t<div class=\"elementor-column-wrap elementor-element-populated\">\n\t\t\t\t\t\t\t<div class=\"elementor-widget-wrap\">\n\t\t\t\t\t\t<div class=\"elementor-element elementor-element-200f766 elementor-widget__width-initial elementor-widget elementor-widget-text-editor\" data-id=\"200f766\" data-element_type=\"widget\" data-widget_type=\"text-editor.default\">\n\t\t\t\t<div class=\"elementor-widget-container\">\n\t\t\t\t\t\t\t\t<div class=\"elementor-text-editor elementor-clearfix\">\n\t\t\t\t<p style=\"text-align: right;\">ENGLISH<\/p><p>We are dedicating a page to Xavier Papa\u00efs, a French philosopher who prefers to be called an ethno-historian, anchoring his thinking in History and Geography, Anthropology and Sociology. He is also a Lacanian psychoanalyst. In recent years, he has withdrawn from the public eye (especially from the internet).<\/p><p>I shall include in this page notes and exchanges with Xavier, whom I consider not only my best friend, but also the most inspiring thinker today, certainly for artists, and in particular for performers.<\/p><p>I asked him if he would agree to be presented as a consultant for Pantheatre, but he preferred the title of \u201cscientific advisor\u201d!!! Yes, in the academic world, this title refers to a leading specialist.<\/p><p>You can visit the encyclopedic website he has put together, <a href=\"http:\/\/arsmagica fr\" data-wplink-url-error=\"true\">ARS MAGICA<\/a> which includes a wide array of theoretical writings (mostly in French). He hardly ever refers to his own writings or his name&#8230; His brief introduction to Magic is one of the best anthropological articles I have ever read\u2014certainly on the subject of Magic &#8211; poetic philosophy. To be continued. EP<\/p>\t\t\t\t\t<\/div>\n\t\t\t\t\t\t<\/div>\n\t\t\t\t<\/div>\n\t\t\t\t\t\t<\/div>\n\t\t\t\t\t<\/div>\n\t\t<\/div>\n\t\t\t\t\t\t\t\t<\/div>\n\t\t\t\t\t<\/div>\n\t\t<\/section>\n\t\t\t\t<section class=\"elementor-section elementor-inner-section elementor-element elementor-element-652ddf6 elementor-section-boxed elementor-section-height-default elementor-section-height-default\" data-id=\"652ddf6\" data-element_type=\"section\">\n\t\t\t\t\t\t<div class=\"elementor-container elementor-column-gap-default\">\n\t\t\t\t\t\t\t<div class=\"elementor-row\">\n\t\t\t\t\t<div class=\"aux-parallax-section elementor-column elementor-col-50 elementor-inner-column elementor-element elementor-element-c611656\" data-id=\"c611656\" data-element_type=\"column\">\n\t\t\t<div class=\"elementor-column-wrap elementor-element-populated\">\n\t\t\t\t\t\t\t<div class=\"elementor-widget-wrap\">\n\t\t\t\t\t\t<div class=\"elementor-element elementor-element-224c7fa elementor-widget elementor-widget-text-editor\" data-id=\"224c7fa\" data-element_type=\"widget\" data-widget_type=\"text-editor.default\">\n\t\t\t\t<div class=\"elementor-widget-container\">\n\t\t\t\t\t\t\t\t<div class=\"elementor-text-editor elementor-clearfix\">\n\t\t\t\t<p style=\"caret-color: #000000; color: #000000;\"><span style=\"font-weight: 400;\">PS Ne trouvant aucune photo de lui, j&rsquo;ai demand\u00e9 \u00e0 Xavier de prendre un \u00ab selfie \u00bb apr\u00e8s qu&rsquo;il m&rsquo;aie dit qu&rsquo;il avait d\u00fb s&rsquo;habiller chaudement avec un chapeau de fourrure \u00e0 cause du froid sib\u00e9rien qui r\u00e8gnait \u00e0 Issoire, en Auvergne. C&rsquo;est la photo que vous voyez ici. J&rsquo;esp\u00e8re que nous pourrons en trouver d&rsquo;autres, car il est aussi un v\u00e9ritable cam\u00e9l\u00e9on, un penseur redoutable, un polymathe dot\u00e9 d&rsquo;une m\u00e9moire et d&rsquo;une perspicacit\u00e9 extraordinaires. Il rejoint les personnalit\u00e9s dont je parlerai dans le recueil que je pr\u00e9pare, intitul\u00e9 <\/span><i>G<\/i><i>ENII<\/i><span style=\"font-weight: 400;\"> &#8211; Les g\u00e9nies que j&rsquo;ai eu la chance de rencontrer et de fr\u00e9quenter au cours de ma vie.<\/span><\/p><p style=\"caret-color: #000000; color: #000000;\"><span style=\"font-weight: 400;\">Pour une version plus d\u00e9taill\u00e9e de sa pens\u00e9e sur la Magie, lire son article complet:\u00a0<\/span><a href=\"http:\/\/www.arsmagica.fr\/sites\/default\/files\/Fichiers\/trois_formules_magie_xavier_papais.pdf\">LIEN<\/a><span style=\"font-weight: 400;\">.<\/span><\/p><p style=\"caret-color: #000000; color: #000000;\"><span style=\"font-weight: 400;\">\u00a0<\/span><\/p><p>PS Unable to find any photos of him, I asked Xavier to take a selfie after he told me he had to dress warmly with a fur hat because of the Siberian cold in Issoire, Auvergne, Central France. That is the photo you see here. I hope we can find others, because he is also a true chameleon, a formidable thinker, a polymath with an extraordinary memory and insight. He joins the personalities I will discuss in the collection I am preparing, entitled GENII : the geniuses I have had the good fortune to meet and befriend during my life.<\/p><p>For a more detailed version of his thoughts on Magic, read his full article (in French &#8211; any volunteers to translate it?)\u00a0\u00a0<a style=\"background-color: #f7f3ed; text-decoration-line: underline; color: #36d715; outline: 0px; font-size: 16.0016px; caret-color: #000000;\" href=\"http:\/\/www.arsmagica.fr\/sites\/default\/files\/Fichiers\/trois_formules_magie_xavier_papais.pdf\">LINK<\/a>.<\/p>\t\t\t\t\t<\/div>\n\t\t\t\t\t\t<\/div>\n\t\t\t\t<\/div>\n\t\t\t\t\t\t<\/div>\n\t\t\t\t\t<\/div>\n\t\t<\/div>\n\t\t\t\t<div class=\"aux-parallax-section elementor-column elementor-col-50 elementor-inner-column elementor-element elementor-element-9a6ec34\" data-id=\"9a6ec34\" data-element_type=\"column\">\n\t\t\t<div class=\"elementor-column-wrap elementor-element-populated\">\n\t\t\t\t\t\t\t<div class=\"elementor-widget-wrap\">\n\t\t\t\t\t\t<div class=\"elementor-element elementor-element-e20ecca elementor-widget__width-initial elementor-widget elementor-widget-image\" data-id=\"e20ecca\" data-element_type=\"widget\" data-widget_type=\"image.default\">\n\t\t\t\t<div class=\"elementor-widget-container\">\n\t\t\t\t\t\t\t\t<div class=\"elementor-image\">\n\t\t\t\t\t\t\t\t\t\t\t\t<img decoding=\"async\" width=\"750\" height=\"750\" src=\"https:\/\/pantheatre.com\/-\/wp-content\/uploads\/2026\/01\/XP-fur-hat.jpg\" class=\"attachment-medium_large size-medium_large wp-image-14548\" alt=\"\" loading=\"lazy\" srcset=\"https:\/\/pantheatre.com\/-\/wp-content\/uploads\/2026\/01\/XP-fur-hat.jpg 750w, https:\/\/pantheatre.com\/-\/wp-content\/uploads\/2026\/01\/XP-fur-hat-300x300.jpg 300w, https:\/\/pantheatre.com\/-\/wp-content\/uploads\/2026\/01\/XP-fur-hat-150x150.jpg 150w\" sizes=\"(max-width: 750px) 100vw, 750px\" \/>\t\t\t\t\t\t\t\t\t\t\t\t\t\t<\/div>\n\t\t\t\t\t\t<\/div>\n\t\t\t\t<\/div>\n\t\t\t\t\t\t<\/div>\n\t\t\t\t\t<\/div>\n\t\t<\/div>\n\t\t\t\t\t\t\t\t<\/div>\n\t\t\t\t\t<\/div>\n\t\t<\/section>\n\t\t\t\t\t\t<\/div>\n\t\t\t\t\t<\/div>\n\t\t<\/div>\n\t\t\t\t\t\t\t\t<\/div>\n\t\t\t\t\t<\/div>\n\t\t<\/section>\n\t\t\t\t\t\t\t\t\t<\/div>\n\t\t\t<\/div>\n\t\t\t\t\t<\/div>\n\t\t","protected":false},"excerpt":{"rendered":"<p>Lorem ipsum dolor sit amet, consectetur adipiscing elit. Ut elit tellus, luctus nec ullamcorper mattis, pulvinar dapibus leo. Xavier Papa\u00efs FRAN\u00c7AIS Nous consacrons une page \u00e0 Xavier Papa\u00efs, philosophe fran\u00e7ais qui pr\u00e9f\u00e8re \u00eatre appel\u00e9 ethno-historien, ancrant sa pens\u00e9e dans l\u2019histoire et la g\u00e9ographie, l\u2019anthropologie et la sociologie. Il est \u00e9galement psychanalyste lacanien. Ces derni\u00e8res ann\u00e9es, [&hellip;]<\/p>\n","protected":false},"author":3,"featured_media":0,"parent":0,"menu_order":0,"comment_status":"closed","ping_status":"closed","template":"","meta":{"_bbp_topic_count":0,"_bbp_reply_count":0,"_bbp_total_topic_count":0,"_bbp_total_reply_count":0,"_bbp_voice_count":0,"_bbp_anonymous_reply_count":0,"_bbp_topic_count_hidden":0,"_bbp_reply_count_hidden":0,"_bbp_forum_subforum_count":0},"_links":{"self":[{"href":"https:\/\/pantheatre.com\/-\/wp-json\/wp\/v2\/pages\/14555"}],"collection":[{"href":"https:\/\/pantheatre.com\/-\/wp-json\/wp\/v2\/pages"}],"about":[{"href":"https:\/\/pantheatre.com\/-\/wp-json\/wp\/v2\/types\/page"}],"author":[{"embeddable":true,"href":"https:\/\/pantheatre.com\/-\/wp-json\/wp\/v2\/users\/3"}],"replies":[{"embeddable":true,"href":"https:\/\/pantheatre.com\/-\/wp-json\/wp\/v2\/comments?post=14555"}],"version-history":[{"count":2,"href":"https:\/\/pantheatre.com\/-\/wp-json\/wp\/v2\/pages\/14555\/revisions"}],"predecessor-version":[{"id":14648,"href":"https:\/\/pantheatre.com\/-\/wp-json\/wp\/v2\/pages\/14555\/revisions\/14648"}],"wp:attachment":[{"href":"https:\/\/pantheatre.com\/-\/wp-json\/wp\/v2\/media?parent=14555"}],"curies":[{"name":"wp","href":"https:\/\/api.w.org\/{rel}","templated":true}]}}